{"id":882,"date":"2019-06-14T15:41:18","date_gmt":"2019-06-14T19:41:18","guid":{"rendered":"https:\/\/conferences.wlu.ca\/22ndnrb\/?page_id=882"},"modified":"2019-08-16T11:23:30","modified_gmt":"2019-08-16T15:23:30","slug":"schedule-2","status":"publish","type":"page","link":"https:\/\/conferences.wlu.ca\/22ndnrb\/schedule-2\/","title":{"rendered":"Schedule"},"content":{"rendered":"\r\n<p>&nbsp;<\/p>\r\n<p><a href=\"http:\/\/conferences.wlu.ca\/22ndnrb\/wp-content\/uploads\/sites\/19\/2019\/08\/NRB-brief-schedule-12Aug19.jpg\" data-rel=\"lightbox-image-0\" data-rl_title=\"\" data-rl_caption=\"\" title=\"\"><img loading=\"lazy\" decoding=\"async\" class=\"alignnone wp-image-1158 size-full\" src=\"http:\/\/conferences.wlu.ca\/22ndnrb\/wp-content\/uploads\/sites\/19\/2019\/08\/NRB-brief-schedule-12Aug19.jpg\" alt=\"\" width=\"957\" height=\"679\" srcset=\"https:\/\/conferences.wlu.ca\/22ndnrb\/wp-content\/uploads\/sites\/19\/2019\/08\/NRB-brief-schedule-12Aug19.jpg 957w, https:\/\/conferences.wlu.ca\/22ndnrb\/wp-content\/uploads\/sites\/19\/2019\/08\/NRB-brief-schedule-12Aug19-500x355.jpg 500w, https:\/\/conferences.wlu.ca\/22ndnrb\/wp-content\/uploads\/sites\/19\/2019\/08\/NRB-brief-schedule-12Aug19-768x545.jpg 768w\" sizes=\"auto, (max-width: 767px) 89vw, (max-width: 1000px) 54vw, (max-width: 1071px) 543px, 580px\" \/><\/a><\/p>\r\n<h4>Unless otherwise indicated, all events will be held at Chateau Nova Yellowknife,&nbsp;4571- 48 St.&nbsp;Yellowknife,&nbsp;Canada Phone: <strong>1.866.722.6682<\/strong><\/h4>\r\n\r\n\r\n\r\n<p><a href=\"http:\/\/conferences.wlu.ca\/22ndnrb\/wp-content\/uploads\/sites\/19\/2019\/08\/22nd-NBR-Final-Agenda-12Aug19-1.pdf\">Download long version program (pdf format)<\/a><\/p>\r\n\r\n\r\n\r\n<p class=\"has-drop-cap has-medium-font-size\"><strong>Sunday, 18 August 2019<\/strong><\/p>\r\n\r\n\r\n\r\n<p>18:00 \u2013 20:00&nbsp;&nbsp;&nbsp;&nbsp;&nbsp;&nbsp;&nbsp;&nbsp; Welcome reception and registration <strong>&nbsp;&nbsp;&nbsp;&nbsp;&nbsp;&nbsp;&nbsp;&nbsp;<\/strong><\/p>\r\n\r\n\r\n\r\n<p>19:00 &#8211; 19:45 <strong>Pre-conference informal talk: <\/strong><em>Permafrost thaw in the Northwest Territories (NWT)<\/em>. Steve Kokelj, Permafrost Scientist, Government of Northwest Territories.<\/p>\r\n\r\n\r\n<hr class=\"wp-block-separator\">\r\n\r\n\r\n<p class=\"has-drop-cap has-medium-font-size\"><strong>Monday, 19 August 2019<\/strong><\/p>\r\n\r\n\r\n\r\n<p>07:30 \u2013 08:30&nbsp;&nbsp;&nbsp; Registration desk open&nbsp;<\/p>\r\n\r\n\r\n\r\n<p>07:30 \u2013 08:30&nbsp;&nbsp;&nbsp; Breakfast, coffee \/ tea&nbsp;&nbsp;&nbsp;&nbsp;&nbsp;<\/p>\r\n\r\n\r\n\r\n<p>08:30 \u2013 09:00&nbsp;&nbsp;&nbsp; Welcome remarks:&nbsp;&nbsp;&nbsp;&nbsp;&nbsp;<\/p>\r\n\r\n\r\n\r\n<ul class=\"wp-block-list\">\r\n<li>William Quinton, Chief NRB Delegate Canada<\/li>\r\n<li>Ernest Betsina, Chief, Yellowknives Dene<\/li>\r\n<li>Minister of Environment &amp; Natural Resources, Northwest Territories<\/li>\r\n<\/ul>\r\n\r\n\r\n\r\n<p>09:00 \u2013 09:40&nbsp;&nbsp;&nbsp; <strong>Plenary:<\/strong> <strong><em>A brief history of cryohydrology in Canada<\/em>. <\/strong>Ming-Ko Woo, Professor Emeritus, McMaster University.<\/p>\r\n\r\n\r\n\r\n<h4 class=\"has-medium-font-size\"><strong>Monday morning presentations \u2013 permafrost studies<br>Session Chair: &nbsp;J. Korhonen, Chief Delegate, Finland.<\/strong><\/h4>\r\n\r\n\r\n\r\n<p>09:40 \u2013 10:00&nbsp;&nbsp;&nbsp; <em>Impact of dust on the hydrology of arctic landscapes.<\/em> <span style=\"text-decoration: underline\">K. Young<\/span>, H.A. Scheffel, E.A. Perera.<\/p>\r\n\r\n\r\n\r\n<p>10:00 \u2013 10:20&nbsp;&nbsp;&nbsp; <em>Rapid increase in recent permafrost temperatures and upland groundwater, interior Alaska.<\/em> <span style=\"text-decoration: underline\">A. Liljedahl<\/span>, D. Barnes, H. Best, U. Bhatt, R. Daanen, V. Romanovsky, R. Thoman, E. Youcha.<\/p>\r\n\r\n\r\n\r\n<p>10:20 \u2013 10:40&nbsp;&nbsp;&nbsp; <strong>coffee \/ tea break &nbsp;&nbsp;&nbsp;&nbsp;&nbsp;&nbsp;&nbsp;&nbsp;&nbsp; <\/strong><\/p>\r\n\r\n\r\n\r\n<p>10:40 \u2013 11:00&nbsp;&nbsp;&nbsp; <em>Terrain &amp; permafrost thaw controls on biomass trajectories across a Taiga Plains watershed; comparing lidar models with satellite optical vegetation indices. <\/em><span style=\"text-decoration: underline\">C. Hopkinson<\/span>, L. Chasmer, B. Quinton, L. Flade, G. Castilla.<\/p>\r\n\r\n\r\n\r\n<p>11:00 \u2013 11:20&nbsp;&nbsp;&nbsp; <em>Impacts of wildfire and permafrost thaw on water quality in peatland rich catchments in western boreal Canada. <\/em><span style=\"text-decoration: underline\">D. Olefeldt<\/span>.<\/p>\r\n\r\n\r\n\r\n<p>11:20 \u2013 11:40&nbsp;&nbsp;&nbsp; <em>Coupled land-cover and hydrological change at Scotty Creek, Northwest Territories (NWT). <span style=\"text-decoration: underline\">W. Quinton<\/span>.<\/em><\/p>\r\n<p>11:40-12:00 <em>How extreme can unit discharge become in steep Norwegian catchments? <\/em><span style=\"text-decoration: underline\">O. Bruland<\/span>.<\/p>\r\n\r\n\r\n\r\n\r\n\r\n<p>12:00 \u2013 13:20&nbsp;&nbsp;&nbsp;&nbsp;&nbsp;&nbsp;&nbsp;&nbsp; <strong>lunch&nbsp;&nbsp;&nbsp; <\/strong>&nbsp;<\/p>\r\n\r\n\r\n\r\n<p><strong>Monday afternoon presentations &#8211; hydrological modelling<\/strong><strong><br>Session Chair: S. Stuefer, Chief Delegate, United States.<\/strong><\/p>\r\n\r\n\r\n\r\n<p>13:20 \u2013 13:40&nbsp;&nbsp;&nbsp; <em>Challenges and opportunities of implementing the national water model in Alaska. <\/em><span style=\"text-decoration: underline\">S. Lindsey<\/span>.<\/p>\r\n\r\n\r\n\r\n<p>13:40 \u2013 14:00&nbsp;&nbsp;&nbsp; <em>A regional hydrologic model of the Liard river basin. <\/em>J. Craig, <span style=\"text-decoration: underline\">G. Brown<\/span>.<\/p>\r\n\r\n\r\n\r\n<p>14:00 \u2013 14:20&nbsp;&nbsp;&nbsp; <em>Identification of critical locations along steep watercourses using GIS and 2D hydrodynamic modelling. <\/em><span style=\"text-decoration: underline\">A. Moraru<\/span>.<\/p>\r\n\r\n\r\n\r\n<p>14:20 \u2013 14:40&nbsp;&nbsp;&nbsp;&nbsp;&nbsp;&nbsp;&nbsp;&nbsp; <strong>coffee \/ tea break &nbsp;&nbsp;<\/strong><\/p>\r\n\r\n\r\n\r\n<p>14:40 \u2013 15:20&nbsp;&nbsp;&nbsp;<em>Aufeis of Northeast Russia in changing climate and developments in Russian northern hydrology. <\/em><span style=\"text-decoration: underline\">O. Makarieva<\/span>.<\/p>\r\n\r\n\r\n\r\n<p>15:20 \u2013 15:40&nbsp;&nbsp;<em> Water Survey of Canada presentation,<\/em> <span style=\"text-decoration: underline\">S. Palfreyman<\/span>,&nbsp;<\/p>\r\n\r\n\r\n\r\n<p>15:45 \u2013 17:00&nbsp;&nbsp;&nbsp; Tour of <strong>Prince of Wales Northern Heritage Centre<\/strong>.<\/p>\r\n\r\n\r\n\r\n<ul class=\"wp-block-list\">\r\n<li>Meet in hotel lobby at 15:45. Tour begins at 16:00.<\/li>\r\n<\/ul>\r\n\r\n\r\n\r\n<p>17:00 &#8211; 18:00 Free time.<\/p>\r\n\r\n\r\n\r\n<p>18:00 \u2013 19:30&nbsp;&nbsp;&nbsp; <strong>dinner &nbsp;<\/strong><\/p>\r\n\r\n\r\n<hr class=\"wp-block-separator\">\r\n\r\n\r\n<p class=\"has-drop-cap has-medium-font-size\"><strong>Tuesday, 20 August 2019<\/strong><\/p>\r\n\r\n\r\n\r\n<p>08:00 \u2013 08:30&nbsp;&nbsp;&nbsp;&nbsp;&nbsp;&nbsp;&nbsp;&nbsp; Registration desk open&nbsp;<\/p>\r\n\r\n\r\n\r\n<p>07:30 \u2013 08:30&nbsp;&nbsp;&nbsp;&nbsp;&nbsp;&nbsp;&nbsp;&nbsp; Breakfast, coffee \/ tea&nbsp;&nbsp;&nbsp;<\/p>\r\n\r\n\r\n\r\n<p>08:45 \u2013 09:00&nbsp;&nbsp;&nbsp;&nbsp;&nbsp;&nbsp;&nbsp;&nbsp; Opening remarks<\/p>\r\n\r\n\r\n\r\n<p>09:00 \u2013 09:40&nbsp;&nbsp;&nbsp; <strong>Plenary: W<em>ater quality in three rivers around Yellowknife, NWT<\/em><\/strong><em>. <\/em><span style=\"text-decoration: underline\">Pieter Aukes<\/span>, Wilfrid Laurier University. <em>S.L. Schiff, M.C. English, R. Staples, M. Palmer<\/em>.<\/p>\r\n\r\n\r\n\r\n<h4 class=\"has-medium-font-size\"><strong>Tuesday morning presentations<\/strong> <strong>\u2013 biogeochemical studie<\/strong><strong>s<br>Session Chair: O. Bruland, Chief Delegate, Norway.<\/strong><\/h4>\r\n\r\n\r\n\r\n<p>09:40 \u2013 10:00&nbsp;&nbsp;&nbsp; <em>Carbon cycling in the central subarctic boreal shield, Canada. <\/em><span style=\"text-decoration: underline\">S. Schiff<\/span>, P. Aukes, M. English, R. Elgood, P. Dainard, J. Venkiteswaran.<\/p>\r\n\r\n\r\n\r\n<p>10:00 &#8211; 10:20 The Gordon Foundation MacKenzie data stream project. <span style=\"text-decoration: underline\">L. Day<\/span>, C. DuBois.<\/p>\r\n\r\n\r\n\r\n<p>10:20 \u2013 10:40&nbsp;&nbsp;&nbsp; <strong>coffee \/ tea break &nbsp;&nbsp;<\/strong><\/p>\r\n\r\n\r\n\r\n<p>10:40 \u2013 11:00&nbsp;&nbsp;&nbsp; <em>Hydrological changes and carbon transport in the four largest Siberian Arctic river basins. <\/em><span style=\"text-decoration: underline\">K. Suzuki<\/span>, T. Hiyama, K. Ichii, Y. Iijima, K. Matsuo, D. Yamazaki.<\/p>\r\n\r\n\r\n\r\n<p>11:00 \u2013 11:20&nbsp;&nbsp;&nbsp; <em>Climate change impacts on mercury accumulation in northern lake sediments. <\/em><span style=\"text-decoration: underline\">J. Korosi<\/span>.<\/p>\r\n\r\n\r\n\r\n<p>11:20 \u2013 11:40&nbsp;&nbsp;&nbsp; <em>Mercury inputs to the Mackenzie River and the Beaufort Sea: Future impacts of permafrost thaw. <\/em><span style=\"text-decoration: underline\">C. Zdanowicz<\/span>.<\/p>\r\n\r\n\r\n\r\n<p>11:40 \u2013 12:00&nbsp;&nbsp;&nbsp; <em>Understanding lake response to thawing permafrost in the Subarctic. <\/em><span style=\"text-decoration: underline\">C. Coleman<\/span>, J. Thienpont, J. Korosi.<\/p>\r\n\r\n\r\n\r\n<p>12:00 \u2013 13:20&nbsp;&nbsp;&nbsp;&nbsp;&nbsp;&nbsp;&nbsp;&nbsp; <strong>lunch&nbsp;&nbsp; <\/strong><\/p>\r\n\r\n\r\n\r\n<h4 class=\"has-medium-font-size\"><strong>Tuesday afternoon presentations \u2013 snow and ice<\/strong><strong><br>Session Chair: O. Makarieva, Chief Delegate, Russia.<\/strong><\/h4>\r\n\r\n\r\n\r\n<p>13:20 \u2013 13:40&nbsp;&nbsp;<em>Changing Snowfall and snow cover in the western Canadian Arctic<\/em><em>. <\/em><u>P. Marsh,<\/u> P. Mann, B. Walker.<\/p>\r\n\r\n\r\n\r\n<p>13:40 \u2013 14:00&nbsp;&nbsp;&nbsp; <em>Operational snow measurements with ground penetrating radar: A case study from \u00d6veruman, Sweden. <\/em><span style=\"text-decoration: underline\">W. Marchand<\/span>, B. Norell.<\/p>\r\n\r\n\r\n\r\n<p>14:00 \u2013 14:20&nbsp;&nbsp;&nbsp; <em>Spatial and temporal trends in end-of-winter snow cover properties north and south of treeline in a large sub-Arctic river basin. <\/em><span style=\"text-decoration: underline\">M. Richardson<\/span>, D. Tokarski, S. Kokelj.<\/p>\r\n\r\n\r\n\r\n<p>14:20 \u2013 14:40&nbsp;&nbsp;&nbsp; <strong>coffee \/ tea break<\/strong> &nbsp;<\/p>\r\n\r\n\r\n\r\n<p>14:40 \u2013 15:00&nbsp;&nbsp;&nbsp; <em>Decreasing precipitation phase uncertainty in cold region conceptual snow models applying daily and hourly timescales. <\/em><span style=\"text-decoration: underline\">J. Feiccabrino<\/span>, D. Gustafsson.<\/p>\r\n\r\n\r\n\r\n<p>15:00 \u2013 15:20&nbsp;&nbsp;&nbsp; <em>Performance of a blowing snow model for characterizing the spring snow distribution in a small tundra watershed near Iqaluit. <\/em>K. Smith, <span style=\"text-decoration: underline\">M. Richardson<\/span>.<\/p>\r\n\r\n\r\n\r\n<p>15:20 \u2013 15:40&nbsp;&nbsp;&nbsp; <em>Assessing snowpack water equivalent in the Snare River watershed. <\/em> <em>&nbsp;&nbsp;&nbsp; <\/em>J. Hickman, <span style=\"text-decoration: underline\">M. English<\/span>, N. Wilson, S. Kokelj.<\/p>\r\n\r\n\r\n\r\n<p>15:40 \u2013 16:00&nbsp;&nbsp;&nbsp; <em>Long-term evidence for hydrological system regime change from the Fish Creek (Iqalliqpik) watershed observatory in northern Alaska, United States of America. <\/em><span style=\"text-decoration: underline\">C. Arp<\/span>, M. Whitman, R. Kemnitz.<\/p>\r\n\r\n\r\n\r\n<p>16:00-16:20&nbsp; <em>Predicting changes in discontinuous permafrost using an interface model of soil freezing and thawing.<\/em> E. Devoie, <span style=\"text-decoration: underline\">J. Craig<\/span>, W. Quinton.<\/p>\r\n\r\n\r\n\r\n<p>16:20-16:40&nbsp;<em>Aboriginal Aquatic Resource And Oceans Management (<abbr>AAROM<\/abbr>) Program&nbsp;Update<\/em> <span style=\"text-decoration: underline\">M. Low<\/span><\/p>\r\n<p>17:00 \u2013 21:00&nbsp;&nbsp;&nbsp; <strong>Off-site event and dinner <\/strong><\/p>\r\n\r\n\r\n\r\n<ul class=\"wp-block-list\">\r\n<li>Meet in lobby at 17:00 to board bus.&nbsp;<\/li>\r\n<\/ul>\r\n\r\n\r\n\r\n<p><strong><em>The Dene and our Land: 3 communities, 1 Dene culture: Yellowknife, Ndilo and Dettah.<\/em><\/strong> Learn about the significance of the land to the Dene. Be introduced to the Dene people and the significance of their land and cultural traditions. Visit B. Dene Adventures\u2019 camp to share Dene culture, art and foods. Listen to the beat of the traditional drums and join the excitement of traditional Dene Hand Games and dinner.<\/p>\r\n\r\n\r\n<hr class=\"wp-block-separator\">\r\n\r\n\r\n<p class=\"has-drop-cap has-medium-font-size\"><strong>Wednesday, 21 August 2019<\/strong><\/p>\r\n\r\n\r\n\r\n<p>08:00 \u2013 08:30&nbsp;&nbsp;&nbsp;&nbsp;&nbsp;&nbsp;&nbsp;&nbsp; Registration desk open&nbsp;&nbsp;&nbsp;<\/p>\r\n\r\n\r\n\r\n<p>08:00 \u2013 09:00&nbsp; &nbsp; &nbsp; &nbsp; &nbsp;Breakfast, coffee \/ tea&nbsp;&nbsp;<\/p>\r\n\r\n\r\n\r\n<p>09:00 \u2013 09:15&nbsp; &nbsp; &nbsp; &nbsp; &nbsp;Opening remarks<\/p>\r\n\r\n\r\n\r\n<p>09:15 &#8211; 10:00&nbsp; &nbsp;<strong>Pre-Tour<\/strong> <strong>Talk:<\/strong> <strong>Fifteen Years of Research on Perennial Ice Patches in the Mackenzie Mountains<\/strong>.&nbsp; This talk will provide an overview of the archaeological and paleo-environmental significance of alpine ice patches in the Selwyn and Mackenzie Mountains of the Northwest Territories, and discuss the potential impacts of the anticipated loss of ice patches from the alpine landscape due to climate change. <strong>Speaker:<\/strong> Glen MacKay, Territorial archaeologist,&nbsp; Prince of Wales Northern Heritage Centre, Department of Education, Culture, and Employment, Government of Northwest Territories.<\/p>\r\n\r\n\r\n\r\n<p>10:00\u2013 14:00&nbsp;&nbsp;&nbsp;&nbsp;&nbsp;&nbsp;&nbsp;&nbsp; <strong>Off-site event &#8211; <em>Great Slave Lake Cruise &amp; Fish Fry.<\/em><\/strong><\/p>\r\n\r\n\r\n\r\n<ul class=\"wp-block-list\">\r\n<li>Meet in hotel lobby at 10:00 to depart by bus.<\/li>\r\n<\/ul>\r\n\r\n\r\n\r\n<p>Experience a Great Slave Lake harbour tour, sightseeing, houseboats, and a Northern Gourmet shore lunch of fresh fish. (Led by: Yellowknife Outdoor Adventures).<\/p>\r\n\r\n\r\n\r\n<p><strong><em>Note:<\/em><\/strong><em> Please dress for the weather \u2013 it will be windy and much cooler on the water than on land. Please wear appropriate footwear for boating\/hiking.<\/em><\/p>\r\n\r\n\r\n\r\n<p>14:00 \u2013 18:00&nbsp;&nbsp;&nbsp;&nbsp;&nbsp;&nbsp;&nbsp;&nbsp; <strong>Off-site event &#8211; <em>A Big City in the Boreal Forest Tour<\/em><\/strong><\/p>\r\n\r\n\r\n\r\n<ul class=\"wp-block-list\">\r\n<li>Meet at docks, directly after fish fry.<\/li>\r\n<\/ul>\r\n\r\n\r\n\r\n<p>Join Strong Interpretation for a journey of stories and music that will take you into the heart of where our beloved town began. The tour begins at the Legislative Assembly where we will break the norms of polite conversation to talk politics, NWT style! As unique as our form of governance, the architecture and the artwork that is housed within its walls also speak volumes about the people of the NWT. The next stop is the Mining Heritage Site at Giant Mine to dig into our golden past and watch the ravens play in the summer sunlight. Then it is off to Yellowknife\u2019s heart, Old Town, to step back in time and visit the area where this town began. We will see buildings that have had many lives nestled next to modern homes, hear the stories and maybe, meet some of the characters. The returning aurora spotlights such Old Town locales, like Pilot\u2019s Monument, McMeekin Causeway, Hudson Bay Warehouse, The Wild Cat Caf\u00e9, and Weaver &amp; Devore. Plus, a stroll around the Mining Heritage Site at the old Giant Mine and the Legislative Assembly Building. (Led by: Strong Interpretation).<\/p>\r\n\r\n\r\n\r\n<p><strong><em>Note:<\/em><\/strong> We will be exploring by foot on paved and uneven surfaces, including steep stairs to the top of the \u201cRock\u201d.<\/p>\r\n\r\n\r\n\r\n<p>18:00 \u2013 19:30&nbsp;&nbsp;&nbsp;&nbsp;&nbsp;&nbsp;&nbsp;&nbsp;<strong> dinner &nbsp;&nbsp;<\/strong><\/p>\r\n\r\n\r\n\r\n<p>19:00 \u2013 20:00&nbsp;&nbsp;&nbsp;&nbsp;&nbsp;&nbsp;&nbsp;&nbsp; Chief delegates meeting&nbsp;&nbsp;<\/p>\r\n\r\n\r\n<hr class=\"wp-block-separator\">\r\n\r\n\r\n<p class=\"has-drop-cap has-medium-font-size\"><strong>Thursday, 22 August 2019<\/strong><\/p>\r\n\r\n\r\n\r\n<p>08:00 \u2013 08:30&nbsp;&nbsp;&nbsp;&nbsp;&nbsp;&nbsp;&nbsp;&nbsp; Registration desk open&nbsp;&nbsp;<\/p>\r\n\r\n\r\n\r\n<p>07:30 \u2013 08:30&nbsp;&nbsp;&nbsp;&nbsp;&nbsp;&nbsp;&nbsp;&nbsp; Breakfast, coffee \/ tea&nbsp;&nbsp;&nbsp;&nbsp;<\/p>\r\n\r\n\r\n\r\n<p>08:45 \u2013 09:00&nbsp;&nbsp;&nbsp;&nbsp;&nbsp;&nbsp;&nbsp;&nbsp; Opening remarks&nbsp;<\/p>\r\n\r\n\r\n\r\n<p>09:00 \u2013 09:40&nbsp;&nbsp;&nbsp; <strong>Plenary delivered by<\/strong> <strong>Cindy Gilday<\/strong>, D\u00e9line Dene Band.<em>&nbsp;&nbsp;&nbsp;&nbsp;&nbsp;&nbsp;&nbsp;&nbsp;&nbsp;<\/em><\/p>\r\n\r\n\r\n\r\n<h4 class=\"wp-block-heading\"><strong>Thursday morning presentations \u2013 northern rivers and stream<\/strong><strong>s<br>Session Chair:&nbsp;<\/strong><strong>K. Suzuki, Observer, Japan.<\/strong><\/h4>\r\n\r\n\r\n\r\n<p>09:40 \u2013 10:00&nbsp;&nbsp;&nbsp; <em>Recent changes of the winter and spring season hydrological regime in Finland. <\/em><span style=\"text-decoration: underline\">J. Korhonen<\/span>.<\/p>\r\n\r\n\r\n\r\n<p>10:00 \u2013 10:20&nbsp;&nbsp;&nbsp; <em>A snow quality assessment tool based on new techniques and <\/em>S\u00e1mi <em>&nbsp;knowledge for Northern Sweden. <\/em><span style=\"text-decoration: underline\">D. Gustafsson<\/span>.<\/p>\r\n\r\n\r\n\r\n<p>10:20 \u2013 10:40&nbsp;&nbsp;&nbsp; <strong>coffee \/ tea break <\/strong><\/p>\r\n\r\n\r\n\r\n<h4 class=\"wp-block-heading\"><strong>Thursday morning presentations \u2013 changing landcover<\/strong><strong>s<br>Session Chair: K. Suzuki, Observer, Japan.<\/strong><\/h4>\r\n\r\n\r\n\r\n<p>10:40 \u2013 11:00&nbsp;&nbsp;&nbsp; <em>Determining the trajectory of permafrost environments in northwestern Canada\u2019s discontinuous permafrost zone. <\/em><span style=\"text-decoration: underline\">O. Carpino<\/span>, R. Connon, J. Craig, E. Devoie, K. Haynes, W. Quinton.<\/p>\r\n\r\n\r\n\r\n<p>11:00 \u2013 11:20&nbsp;&nbsp;&nbsp; <em>Hydrological implications of permafrost thaw-induced landscape transition in the discontinuous permafrost zone at Scotty Creek, NWT. <\/em><span style=\"text-decoration: underline\">K. Haynes<\/span>, R. Connon, W. Quinton.<\/p>\r\n\r\n\r\n\r\n<p>11:20 \u2013 11:40&nbsp;&nbsp;&nbsp; <em>Spatial drivers of permafrost thaw using lidar remote sensing, machine learning and in situ methods. <\/em><span style=\"text-decoration: underline\">L. Chasmer<\/span>, C. Mahoney, A. Paluck, R. Connon, W. Quinton, C. Hopkinson.<\/p>\r\n\r\n\r\n\r\n<p>11:40 \u2013 12:00&nbsp;&nbsp;&nbsp; <em>Quantifying spatially distributed shrub biomass in the boreal forest of Northwestern Canada using destructive field sampling, allometry and multi-spectral lidar derivatives. <\/em>L. Flade, <span style=\"text-decoration: underline\">C. Hopkinson,<\/span> L. Chasmer.<\/p>\r\n\r\n\r\n\r\n<p>12:00 \u2013 13:20&nbsp;&nbsp;&nbsp;&nbsp;&nbsp;<strong> lunch&nbsp;&nbsp;&nbsp;&nbsp;<\/strong><\/p>\r\n\r\n\r\n\r\n<p>13:20 \u2013 15:00&nbsp; &nbsp; &nbsp; &nbsp;<strong>Partners in Learning panel discussion: part 1: <\/strong>moderated by David Livingstone; Panelists: M. Miltenberger, G. Norwegian, J. Zoe, W. Hagen.<\/p>\r\n\r\n\r\n\r\n<p>15:00 \u2013 15:20&nbsp;&nbsp;&nbsp;<strong> coffee \/ tea break &nbsp;<\/strong><\/p>\r\n\r\n\r\n\r\n<p>15:20 \u2013 16:00&nbsp;&nbsp;&nbsp;&nbsp;&nbsp;&nbsp;<strong>Panel discussion<\/strong><em> (continued)&nbsp;&nbsp;&nbsp;&nbsp;&nbsp;&nbsp;&nbsp;&nbsp;&nbsp;&nbsp;&nbsp;&nbsp;&nbsp;&nbsp;&nbsp;&nbsp;&nbsp;&nbsp;&nbsp;&nbsp;&nbsp;&nbsp;&nbsp;&nbsp;&nbsp;&nbsp;&nbsp;&nbsp;&nbsp;&nbsp;&nbsp;&nbsp;&nbsp;&nbsp;&nbsp;&nbsp;&nbsp;&nbsp;&nbsp;&nbsp;<\/em><\/p>\r\n\r\n\r\n\r\n<p>18:00 \u2013 23:00&nbsp;&nbsp;&nbsp; <strong>&nbsp;&nbsp;&nbsp;&nbsp; Banquet, featuring musician Lee Mandeville. <\/strong><\/p>\r\n\r\n\r\n\r\n<p><strong>Artist Biography:<\/strong> Lee Mandeville is very well known in the north for entertaining crowds. He has been fiddling since the age of nine. He has been crowned the Canadian M\u00e9tis Fiddle Champion. Lee recently released his 3rd album titled, &#8220;My Favourite&#8221; &#8211; a traditional M\u00e9tis compilation that reflects the North&#8217;s finest dance music, which dates back to the earliest days of the M\u00e9tis. Lee will be accompanied by his father George on guitar and Ted Mildenberger on bass. Listen to Reginald&#8217;s Waltz online &#8211; <a href=\"https:\/\/www.nwtarts.com\/system\/files\/audio-files\/red_river_jig.mp3?uuid=5bef31245a690\">Red River Jig<\/a>.<\/p>\r\n\r\n\r\n<hr class=\"wp-block-separator\">\r\n\r\n\r\n<p class=\"has-drop-cap has-medium-font-size\"><strong>Friday, 23 August 2019<\/strong><\/p>\r\n\r\n\r\n\r\n<p>08:00 \u2013 08:30&nbsp;&nbsp;&nbsp;&nbsp;&nbsp;&nbsp;&nbsp;&nbsp; Registration desk open&nbsp;&nbsp;<\/p>\r\n\r\n\r\n\r\n<p>07:30 \u2013 08:30&nbsp;&nbsp;&nbsp;&nbsp;&nbsp;&nbsp;&nbsp;&nbsp; Breakfast, coffee \/ tea&nbsp;<\/p>\r\n\r\n\r\n\r\n<p>08:45 \u2013 09:00&nbsp;&nbsp;&nbsp;&nbsp;&nbsp;&nbsp;&nbsp;&nbsp; Opening remarks<\/p>\r\n\r\n\r\n\r\n<p>09:00 \u2013 12:00&nbsp;&nbsp;&nbsp;&nbsp;&nbsp;&nbsp;&nbsp;&nbsp; <strong>Partners in Learning panel discussion: part 2<\/strong>&nbsp;moderated by David Livingstone; P<span style=\"font-size: 1rem\">anelists: J. Dragon, D. Smith, J. Antoine, D. Jackson.&nbsp;<\/span><\/p>\r\n\r\n\r\n\r\n<p>10:40 \u2013 11:00&nbsp;&nbsp;&nbsp;&nbsp;&nbsp;&nbsp;&nbsp;&nbsp; <strong>coffee \/ tea break <\/strong>(during discussion)&nbsp;&nbsp;&nbsp;&nbsp; &nbsp;&nbsp;&nbsp;&nbsp;&nbsp;&nbsp;&nbsp;&nbsp;&nbsp;&nbsp;<\/p>\r\n\r\n\r\n\r\n<p>12:00 \u2013 13:20&nbsp;&nbsp;&nbsp;&nbsp;&nbsp;&nbsp;&nbsp;<strong>&nbsp; lunch&nbsp;&nbsp;&nbsp;&nbsp;&nbsp;&nbsp;&nbsp;<\/strong><\/p>\r\n\r\n\r\n\r\n<p>13:20 \u2013 14:00&nbsp;&nbsp;&nbsp;&nbsp;&nbsp; <strong>Plenary delivered by Amy Amos<\/strong>, Executive Director, Gwich&#8217;in Renewable Resources Board.&nbsp;<\/p>\r\n\r\n<h4><strong data-rich-text-format-boundary=\"true\">Friday afternoon presentations &#8211; northern rivers and stream<\/strong><strong>s<br>Session Chair: D. Gustafsson, Chief Delegate, Sweden.<\/strong><!--StartFragment--><\/h4>\r\n\r\n<p>14:00 \u2013 14:20&nbsp;&nbsp;&nbsp; Changing streamflow patterns in Canada&#8217;s NWT. <span style=\"text-decoration: underline\">R. Connon<\/span>, A. Coles, T. Ensom, Sh. Kokelj, S. Kokelj.<\/p>\r\n\r\n\r\n\r\n<p>14:20 \u2013 14:40&nbsp;&nbsp;&nbsp; <em>Recent summer low flows in two subarctic regions in Canada. <\/em><span style=\"text-decoration: underline\">R. Thorne<\/span>, M-K. Woo, L. Brown.<\/p>\r\n\r\n\r\n\r\n<p>14:40 \u2013 15:00&nbsp;&nbsp;&nbsp; <strong>coffee \/ tea break <\/strong><\/p>\r\n\r\n\r\n\r\n<p>15:00 \u2013 15:20&nbsp;&nbsp;&nbsp; <em>Freshwater flux to the Beaufort Sea from Northern Alaska. <\/em><span style=\"text-decoration: underline\">S. Stuefer<\/span>.<\/p>\r\n\r\n\r\n\r\n<p>15:20 \u2013 15:40&nbsp;&nbsp;&nbsp; <em>Controls on thermokarst lake hydrology between Inuvik &amp; Tuktoyaktuk, NWT. <\/em><span style=\"text-decoration: underline\">E. Wilcox<\/span>, B. Walker, O. Sonnentag, B. Wolfe.<\/p>\r\n\r\n\r\n\r\n<p>15:40 \u2013 16:20&nbsp;&nbsp;&nbsp; <strong>Closing remarks by Manny Kudlak<\/strong>, Vice Chair, Inuvialuit Game Council.&nbsp;<\/p>\r\n<p>16:20-16:30 &nbsp; &nbsp; &nbsp; &nbsp;Closing prayer.&nbsp; &nbsp; &nbsp; &nbsp; &nbsp; &nbsp; &nbsp; &nbsp; &nbsp; &nbsp; &nbsp; &nbsp; &nbsp;&nbsp;<\/p>\r\n\r\n\r\n\r\n\r\n\r\n\r\n\r\n<p>16:30&nbsp; &nbsp; &nbsp; &nbsp; &nbsp; &nbsp; &nbsp; &nbsp; &nbsp; &nbsp; Participants depart<\/p>\r\n\r\n\r\n<hr class=\"wp-block-separator\">\r\n\r\n\r\n<p>&nbsp;<\/p>\r\n","protected":false},"excerpt":{"rendered":"<p>Download long version program (pdf format) Sunday, 18 August 2019 18:00 \u2013 20:00&nbsp;&nbsp;&nbsp;&nbsp;&nbsp;&nbsp;&nbsp;&nbsp; Welcome reception and registration &nbsp;&nbsp;&nbsp;&nbsp;&nbsp;&nbsp;&nbsp;&nbsp; 19:00 &#8211; 19:45 Pre-conference informal talk: Permafrost thaw in the Northwest Territories (NWT). Steve Kokelj, Permafrost Scientist, Government of Northwest Territories. Monday, 19 August 2019 07:30 \u2013 08:30&nbsp;&nbsp;&nbsp; Registration desk open&nbsp; 07:30 \u2013 08:30&nbsp;&nbsp;&nbsp; Breakfast, coffee \/ &hellip; <\/p>\n<p class=\"link-more\"><a href=\"https:\/\/conferences.wlu.ca\/22ndnrb\/schedule-2\/\" class=\"more-link\">Continue reading<span class=\"screen-reader-text\"> &#8220;Schedule&#8221;<\/span><\/a><\/p>\n","protected":false},"author":14,"featured_media":0,"parent":0,"menu_order":0,"comment_status":"closed","ping_status":"closed","template":"","meta":{"ngg_post_thumbnail":0,"footnotes":""},"class_list":["post-882","page","type-page","status-publish","hentry"],"_links":{"self":[{"href":"https:\/\/conferences.wlu.ca\/22ndnrb\/wp-json\/wp\/v2\/pages\/882","targetHints":{"allow":["GET"]}}],"collection":[{"href":"https:\/\/conferences.wlu.ca\/22ndnrb\/wp-json\/wp\/v2\/pages"}],"about":[{"href":"https:\/\/conferences.wlu.ca\/22ndnrb\/wp-json\/wp\/v2\/types\/page"}],"author":[{"embeddable":true,"href":"https:\/\/conferences.wlu.ca\/22ndnrb\/wp-json\/wp\/v2\/users\/14"}],"replies":[{"embeddable":true,"href":"https:\/\/conferences.wlu.ca\/22ndnrb\/wp-json\/wp\/v2\/comments?post=882"}],"version-history":[{"count":82,"href":"https:\/\/conferences.wlu.ca\/22ndnrb\/wp-json\/wp\/v2\/pages\/882\/revisions"}],"predecessor-version":[{"id":1168,"href":"https:\/\/conferences.wlu.ca\/22ndnrb\/wp-json\/wp\/v2\/pages\/882\/revisions\/1168"}],"wp:attachment":[{"href":"https:\/\/conferences.wlu.ca\/22ndnrb\/wp-json\/wp\/v2\/media?parent=882"}],"curies":[{"name":"wp","href":"https:\/\/api.w.org\/{rel}","templated":true}]}}